{"id":2334,"date":"2023-03-13T13:19:14","date_gmt":"2023-03-13T12:19:14","guid":{"rendered":"http:\/\/carcans.wellness-sport-camping.com\/tout-autour\/parc-naturel-regional-du-medoc\/"},"modified":"2023-05-31T11:25:30","modified_gmt":"2023-05-31T09:25:30","slug":"medoc-regional-nature-park","status":"publish","type":"page","link":"https:\/\/carcans.wellness-sport-camping.com\/en\/all-around\/medoc-regional-nature-park\/","title":{"rendered":"M\u00e9doc Regional Nature Park"},"content":{"rendered":"\n<div class=\"wp-block-cover alignfull header-top simbol-top-left\" style=\"margin-top:0px;margin-bottom:0px;padding-top:0;padding-right:0;padding-bottom:0px;padding-left:0;min-height:95vh;aspect-ratio:unset;\"><span aria-hidden=\"true\" class=\"wp-block-cover__background has-background-dim-10 has-background-dim\"><\/span><img loading=\"lazy\" decoding=\"async\" width=\"1920\" height=\"900\" class=\"wp-block-cover__image-background wp-image-2131\" alt=\"\" src=\"https:\/\/carcans.wellness-sport-camping.com\/wp-content\/uploads\/medoc-top.jpg\" data-object-fit=\"cover\" srcset=\"https:\/\/carcans.wellness-sport-camping.com\/wp-content\/uploads\/medoc-top.jpg 1920w, https:\/\/carcans.wellness-sport-camping.com\/wp-content\/uploads\/medoc-top-1024x480.jpg 1024w, https:\/\/carcans.wellness-sport-camping.com\/wp-content\/uploads\/medoc-top-768x360.jpg 768w, https:\/\/carcans.wellness-sport-camping.com\/wp-content\/uploads\/medoc-top-1536x720.jpg 1536w, https:\/\/carcans.wellness-sport-camping.com\/wp-content\/uploads\/medoc-top-512x240.jpg 512w, https:\/\/carcans.wellness-sport-camping.com\/wp-content\/uploads\/medoc-top-256x120.jpg 256w\" sizes=\"auto, (max-width: 1920px) 100vw, 1920px\" \/><div class=\"wp-block-cover__inner-container is-layout-flow wp-block-cover-is-layout-flow\">\n<div class=\"wp-block-group titre-top animation--init--once animation--top is-layout-constrained wp-block-group-is-layout-constrained\" style=\"padding-bottom:0px\">\n<p class=\"has-text-align-center has-theme-white-color has-text-color has-damion-font-family has-h-1-font-size\">M\u00e9doc Regional Nature Park<\/p>\n\n\n\n<p class=\"has-text-align-center has-theme-white-color has-text-color\"><\/p>\n<\/div>\n\n\n\n<div class=\"wp-block-group breadcrumbs-top is-layout-constrained wp-block-group-is-layout-constrained\" style=\"margin-top:10px;margin-bottom:0px\">\n<span><span><a href=\"https:\/\/carcans.wellness-sport-camping.com\/en\/\">Home<\/a><\/span><\/span>\n<\/div>\n\n\n\n<div class=\"wp-block-group alignfull motor-thelis has-theme-brown-2-background-color has-background is-layout-constrained wp-container-core-group-is-layout-e129b69f wp-block-group-is-layout-constrained\" style=\"padding-top:0px;padding-right:0px;padding-bottom:0px;padding-left:0px\">\n<div class=\"wp-block-columns is-layout-flex wp-container-core-columns-is-layout-28f84493 wp-block-columns-is-layout-flex\">\n<div class=\"wp-block-column is-layout-flow wp-block-column-is-layout-flow\" style=\"flex-basis:100%\">\n<section class=\"formulaire-de-recherche-bar\">\r\n            <div id=\"expand-thelis-formulaire\">Book<\/div>\r\n            <div class=\"container-form\"><thr-search-engine><\/thr-search-engine><a id=\"pay-btn-2\" onclick=\"window.open('https:\/\/thelisresa.webcamp.fr\/cart-directPayment.php?camping=duneb33&amp;lang=en');\"><i><\/i>Pay stay<\/a>\r\n            <style>\r\n            \r\n            .thr-search-engine .thr-search-engine-main > .thr-btn-search { max-width: 20% !important; }\r\n            .thr .btn i { margin-right: 0 !important; }\r\n            #pay-btn-2 { \r\n                position: absolute;\r\n                right: 0;top: 0;\r\n                margin: 10px;\r\n                border: 0;\r\n                background-color: ;\r\n                color: ;\r\n                cursor: pointer;\r\n                width: calc(17% - 5px);\r\n                padding: 17px 0;\r\n                font-size: 18px;\r\n                font-weight: bold;\r\n                text-transform: auto;\r\n                transition: all .35s;\r\n                display: flex;justify-content: center;\r\n                align-items: center;\r\n            }\r\n            #pay-btn-2 i {\r\n                display: inline-flex;\r\n                width:18px;height:18px;\r\n                margin-right: 5px;\r\n                background-image: url('data:image\/svg+xml;utf8,<?xml version=\"1.0\" encoding=\"utf-8\"?><svg width=\"1792\" height=\"1792\" viewBox=\"0 0 1792 1792\" xmlns=\"http:\/\/www.w3.org\/2000\/svg\"><path d=\"M704 1536q0 52-38 90t-90 38-90-38-38-90 38-90 90-38 90 38 38 90zm896 0q0 52-38 90t-90 38-90-38-38-90 38-90 90-38 90 38 38 90zm128-1088v512q0 24-16.5 42.5t-40.5 21.5l-1044 122q13 60 13 70 0 16-24 64h920q26 0 45 19t19 45-19 45-45 19h-1024q-26 0-45-19t-19-45q0-11 8-31.5t16-36 21.5-40 15.5-29.5l-177-823h-204q-26 0-45-19t-19-45 19-45 45-19h256q16 0 28.5 6.5t19.5 15.5 13 24.5 8 26 5.5 29.5 4.5 26h1201q26 0 45 19t19 45z\" fill=\"rgba(255,255,255,1)\" \/><\/svg>');\r\n                background-size: cover;background-position: center center;background-repeat: no-repeat;\r\n            }\r\n            #pay-btn-2:hover { background-color: ; }\r\n            .thr-search-engine { width: 83%; }\r\n\r\n            @media screen and (max-width: 1024px) {\r\n                #pay-btn-2 { top: 52px; }\r\n                .thr-search-engine .thr-search-engine-main > .thr-btn-search { max-width: inherit !important; }\r\n            }\r\n            @media screen and (max-width: 990px) {\r\n                .thr-search-engine { width: 100%; }\r\n                #pay-btn-2 { position: relative;width: calc(100% - 20px);top: auto;margin-top: 0; }\r\n            }\r\n\r\n            thr-search-engine { border-right: 200px rgba(0,0,0,0) solid;display: block; }\r\n            @media screen and (max-width: 1024px) {\r\n                thr-search-engine { border-right: inherit;display: inherit; }\r\n            }\r\n            <\/style>\r\n            <\/div><\/section><!-- .formulaire-de-recherche-bar --><style>\r\n        #expand-thelis-formulaire { display: none; }\r\n        @media screen and (max-width: 1024px) {\r\n            #expand-thelis-formulaire { display: block; }\r\n            .formulaire-de-recherche-bar .container-form { display: none; }\r\n        }\r\n    <\/style><script>\r\n    jQuery(document).ready(function($){\r\n        jQuery('#expand-thelis-formulaire').click(function(){\r\n            if(\r\n                jQuery('.formulaire-de-recherche-bar .container-form').css('display') == 'none'\r\n            ){\r\n                jQuery('.formulaire-de-recherche-bar .container-form').css('display', 'block');\r\n                jQuery('#expand-thelis-formulaire').addClass('expanded');\r\n            }else{\r\n                jQuery('.formulaire-de-recherche-bar .container-form').css('display', 'none');\r\n                jQuery('#expand-thelis-formulaire').removeClass('expanded');\r\n            }\r\n        });\r\n    });\r\n    <\/script>\n<\/div>\n<\/div>\n<\/div>\n<\/div><\/div>\n\n\n\n<div class=\"wp-block-group alignfull page-intro simbol-top-right-2 is-layout-constrained wp-block-group-is-layout-constrained\">\n<div class=\"wp-block-columns is-layout-flex wp-container-core-columns-is-layout-28f84493 wp-block-columns-is-layout-flex\">\n<div class=\"wp-block-column is-layout-flow wp-block-column-is-layout-flow\">\n<h1 class=\"wp-block-heading has-text-align-center simbol-titre has-sub\">Discover M\u00e9doc Regional Nature Park<sub>near La Dune Bleue campsite<\/sub><\/h1>\n\n\n\n<p class=\"has-text-align-center\">Bordered to the east by the Gironde Estuary and to the west by the Atlantic Ocean, the M\u00e9doc Regional Nature Park extends from the Bordeaux metropolis to the Pointe de Grave. Between wine-growing and agricultural areas, forests, lakes and beaches, the park is marked by an extraordinary diversity of landscapes.<\/p>\n\n\n        <a href=\"https:\/\/www.pnr-medoc.fr\/\"class=\"wp-block-custom-banner button-1 is-centered has-text-align-center\" target=\"_blank\">\n        <div class=\"acf-innerblocks-container\">\n\n<p class=\"has-text-align-center\">More info<\/p>\n\n<\/div>\n        <\/a>\n<\/div>\n<\/div>\n<\/div>\n","protected":false},"excerpt":{"rendered":"<p>Bordered to the east by the Gironde Estuary and to the west by the Atlantic Ocean, the M\u00e9doc Regional Nature Park extends from the Bordeaux metropolis to the Pointe de Grave.<\/p>\n","protected":false},"author":5,"featured_media":2131,"parent":2330,"menu_order":1,"comment_status":"closed","ping_status":"closed","template":"","meta":{"_acf_changed":false,"inline_featured_image":false,"footnotes":""},"class_list":["post-2334","page","type-page","status-publish","has-post-thumbnail","hentry"],"acf":[],"yoast_head":"<!-- This site is optimized with the Yoast SEO plugin v27.1.1 - https:\/\/yoast.com\/product\/yoast-seo-wordpress\/ -->\n<title>Parc Naturel R\u00e9gional du M\u00e9doc near La Dune Bleue campsite.<\/title>\n<meta name=\"description\" content=\"Experience a complete change of scenery in the Parc Naturel R\u00e9gional du M\u00e9doc during your stay at camping La Dune Bleue.\" \/>\n<meta name=\"robots\" content=\"index, follow, max-snippet:-1, max-image-preview:large, max-video-preview:-1\" \/>\n<link rel=\"canonical\" href=\"https:\/\/carcans.wellness-sport-camping.com\/en\/all-around\/medoc-regional-nature-park\/\" \/>\n<meta property=\"og:locale\" content=\"en_US\" \/>\n<meta property=\"og:type\" content=\"article\" \/>\n<meta property=\"og:title\" content=\"Parc Naturel R\u00e9gional du M\u00e9doc near La Dune Bleue campsite.\" \/>\n<meta property=\"og:description\" content=\"Experience a complete change of scenery in the Parc Naturel R\u00e9gional du M\u00e9doc during your stay at camping La Dune Bleue.\" \/>\n<meta property=\"og:url\" content=\"https:\/\/carcans.wellness-sport-camping.com\/en\/all-around\/medoc-regional-nature-park\/\" \/>\n<meta property=\"og:site_name\" content=\"Camping de La Dune Bleue\" \/>\n<meta property=\"article:modified_time\" content=\"2023-05-31T09:25:30+00:00\" \/>\n<meta property=\"og:image\" content=\"https:\/\/carcans.wellness-sport-camping.com\/wp-content\/uploads\/medoc-top.jpg\" \/>\n\t<meta property=\"og:image:width\" content=\"1920\" \/>\n\t<meta property=\"og:image:height\" content=\"900\" \/>\n\t<meta property=\"og:image:type\" content=\"image\/jpeg\" \/>\n<meta name=\"twitter:card\" content=\"summary_large_image\" \/>\n<meta name=\"twitter:label1\" content=\"Est. reading time\" \/>\n\t<meta name=\"twitter:data1\" content=\"1 minute\" \/>\n<script type=\"application\/ld+json\" class=\"yoast-schema-graph\">{\"@context\":\"https:\/\/schema.org\",\"@graph\":[{\"@type\":\"WebPage\",\"@id\":\"https:\/\/carcans.wellness-sport-camping.com\/en\/all-around\/medoc-regional-nature-park\/\",\"url\":\"https:\/\/carcans.wellness-sport-camping.com\/en\/all-around\/medoc-regional-nature-park\/\",\"name\":\"Parc Naturel R\u00e9gional du M\u00e9doc near La Dune Bleue campsite.\",\"isPartOf\":{\"@id\":\"https:\/\/carcans.wellness-sport-camping.com\/en\/#website\"},\"primaryImageOfPage\":{\"@id\":\"https:\/\/carcans.wellness-sport-camping.com\/en\/all-around\/medoc-regional-nature-park\/#primaryimage\"},\"image\":{\"@id\":\"https:\/\/carcans.wellness-sport-camping.com\/en\/all-around\/medoc-regional-nature-park\/#primaryimage\"},\"thumbnailUrl\":\"https:\/\/carcans.wellness-sport-camping.com\/wp-content\/uploads\/medoc-top.jpg\",\"datePublished\":\"2023-03-13T12:19:14+00:00\",\"dateModified\":\"2023-05-31T09:25:30+00:00\",\"description\":\"Experience a complete change of scenery in the Parc Naturel R\u00e9gional du M\u00e9doc during your stay at camping La Dune Bleue.\",\"breadcrumb\":{\"@id\":\"https:\/\/carcans.wellness-sport-camping.com\/en\/all-around\/medoc-regional-nature-park\/#breadcrumb\"},\"inLanguage\":\"en-US\",\"potentialAction\":[{\"@type\":\"ReadAction\",\"target\":[\"https:\/\/carcans.wellness-sport-camping.com\/en\/all-around\/medoc-regional-nature-park\/\"]}]},{\"@type\":\"ImageObject\",\"inLanguage\":\"en-US\",\"@id\":\"https:\/\/carcans.wellness-sport-camping.com\/en\/all-around\/medoc-regional-nature-park\/#primaryimage\",\"url\":\"https:\/\/carcans.wellness-sport-camping.com\/wp-content\/uploads\/medoc-top.jpg\",\"contentUrl\":\"https:\/\/carcans.wellness-sport-camping.com\/wp-content\/uploads\/medoc-top.jpg\",\"width\":1920,\"height\":900},{\"@type\":\"BreadcrumbList\",\"@id\":\"https:\/\/carcans.wellness-sport-camping.com\/en\/all-around\/medoc-regional-nature-park\/#breadcrumb\",\"itemListElement\":[{\"@type\":\"ListItem\",\"position\":1,\"name\":\"Home\",\"item\":\"https:\/\/carcans.wellness-sport-camping.com\/en\/\"},{\"@type\":\"ListItem\",\"position\":2,\"name\":\"All around\",\"item\":\"https:\/\/carcans.wellness-sport-camping.com\/en\/all-around\/\"},{\"@type\":\"ListItem\",\"position\":3,\"name\":\"M\u00e9doc Regional Nature Park\"}]},{\"@type\":\"WebSite\",\"@id\":\"https:\/\/carcans.wellness-sport-camping.com\/en\/#website\",\"url\":\"https:\/\/carcans.wellness-sport-camping.com\/en\/\",\"name\":\"Camping de La Dune Bleue\",\"description\":\"L\u2019odeur de la for\u00eat, la douceur des pins, le chant des oiseaux\",\"publisher\":{\"@id\":\"https:\/\/carcans.wellness-sport-camping.com\/en\/#organization\"},\"potentialAction\":[{\"@type\":\"SearchAction\",\"target\":{\"@type\":\"EntryPoint\",\"urlTemplate\":\"https:\/\/carcans.wellness-sport-camping.com\/en\/?s={search_term_string}\"},\"query-input\":{\"@type\":\"PropertyValueSpecification\",\"valueRequired\":true,\"valueName\":\"search_term_string\"}}],\"inLanguage\":\"en-US\"},{\"@type\":\"Organization\",\"@id\":\"https:\/\/carcans.wellness-sport-camping.com\/en\/#organization\",\"name\":\"Camping de La Dune Bleue\",\"url\":\"https:\/\/carcans.wellness-sport-camping.com\/en\/\",\"logo\":{\"@type\":\"ImageObject\",\"inLanguage\":\"en-US\",\"@id\":\"https:\/\/carcans.wellness-sport-camping.com\/en\/#\/schema\/logo\/image\/\",\"url\":\"https:\/\/carcans.wellness-sport-camping.com\/wp-content\/uploads\/logo-penne-blanche.png\",\"contentUrl\":\"https:\/\/carcans.wellness-sport-camping.com\/wp-content\/uploads\/logo-penne-blanche.png\",\"width\":260,\"height\":137,\"caption\":\"Camping de La Dune Bleue\"},\"image\":{\"@id\":\"https:\/\/carcans.wellness-sport-camping.com\/en\/#\/schema\/logo\/image\/\"}}]}<\/script>\n<!-- \/ Yoast SEO plugin. -->","yoast_head_json":{"title":"Parc Naturel R\u00e9gional du M\u00e9doc near La Dune Bleue campsite.","description":"Experience a complete change of scenery in the Parc Naturel R\u00e9gional du M\u00e9doc during your stay at camping La Dune Bleue.","robots":{"index":"index","follow":"follow","max-snippet":"max-snippet:-1","max-image-preview":"max-image-preview:large","max-video-preview":"max-video-preview:-1"},"canonical":"https:\/\/carcans.wellness-sport-camping.com\/en\/all-around\/medoc-regional-nature-park\/","og_locale":"en_US","og_type":"article","og_title":"Parc Naturel R\u00e9gional du M\u00e9doc near La Dune Bleue campsite.","og_description":"Experience a complete change of scenery in the Parc Naturel R\u00e9gional du M\u00e9doc during your stay at camping La Dune Bleue.","og_url":"https:\/\/carcans.wellness-sport-camping.com\/en\/all-around\/medoc-regional-nature-park\/","og_site_name":"Camping de La Dune Bleue","article_modified_time":"2023-05-31T09:25:30+00:00","og_image":[{"width":1920,"height":900,"url":"https:\/\/carcans.wellness-sport-camping.com\/wp-content\/uploads\/medoc-top.jpg","type":"image\/jpeg"}],"twitter_card":"summary_large_image","twitter_misc":{"Est. reading time":"1 minute"},"schema":{"@context":"https:\/\/schema.org","@graph":[{"@type":"WebPage","@id":"https:\/\/carcans.wellness-sport-camping.com\/en\/all-around\/medoc-regional-nature-park\/","url":"https:\/\/carcans.wellness-sport-camping.com\/en\/all-around\/medoc-regional-nature-park\/","name":"Parc Naturel R\u00e9gional du M\u00e9doc near La Dune Bleue campsite.","isPartOf":{"@id":"https:\/\/carcans.wellness-sport-camping.com\/en\/#website"},"primaryImageOfPage":{"@id":"https:\/\/carcans.wellness-sport-camping.com\/en\/all-around\/medoc-regional-nature-park\/#primaryimage"},"image":{"@id":"https:\/\/carcans.wellness-sport-camping.com\/en\/all-around\/medoc-regional-nature-park\/#primaryimage"},"thumbnailUrl":"https:\/\/carcans.wellness-sport-camping.com\/wp-content\/uploads\/medoc-top.jpg","datePublished":"2023-03-13T12:19:14+00:00","dateModified":"2023-05-31T09:25:30+00:00","description":"Experience a complete change of scenery in the Parc Naturel R\u00e9gional du M\u00e9doc during your stay at camping La Dune Bleue.","breadcrumb":{"@id":"https:\/\/carcans.wellness-sport-camping.com\/en\/all-around\/medoc-regional-nature-park\/#breadcrumb"},"inLanguage":"en-US","potentialAction":[{"@type":"ReadAction","target":["https:\/\/carcans.wellness-sport-camping.com\/en\/all-around\/medoc-regional-nature-park\/"]}]},{"@type":"ImageObject","inLanguage":"en-US","@id":"https:\/\/carcans.wellness-sport-camping.com\/en\/all-around\/medoc-regional-nature-park\/#primaryimage","url":"https:\/\/carcans.wellness-sport-camping.com\/wp-content\/uploads\/medoc-top.jpg","contentUrl":"https:\/\/carcans.wellness-sport-camping.com\/wp-content\/uploads\/medoc-top.jpg","width":1920,"height":900},{"@type":"BreadcrumbList","@id":"https:\/\/carcans.wellness-sport-camping.com\/en\/all-around\/medoc-regional-nature-park\/#breadcrumb","itemListElement":[{"@type":"ListItem","position":1,"name":"Home","item":"https:\/\/carcans.wellness-sport-camping.com\/en\/"},{"@type":"ListItem","position":2,"name":"All around","item":"https:\/\/carcans.wellness-sport-camping.com\/en\/all-around\/"},{"@type":"ListItem","position":3,"name":"M\u00e9doc Regional Nature Park"}]},{"@type":"WebSite","@id":"https:\/\/carcans.wellness-sport-camping.com\/en\/#website","url":"https:\/\/carcans.wellness-sport-camping.com\/en\/","name":"Camping de La Dune Bleue","description":"L\u2019odeur de la for\u00eat, la douceur des pins, le chant des oiseaux","publisher":{"@id":"https:\/\/carcans.wellness-sport-camping.com\/en\/#organization"},"potentialAction":[{"@type":"SearchAction","target":{"@type":"EntryPoint","urlTemplate":"https:\/\/carcans.wellness-sport-camping.com\/en\/?s={search_term_string}"},"query-input":{"@type":"PropertyValueSpecification","valueRequired":true,"valueName":"search_term_string"}}],"inLanguage":"en-US"},{"@type":"Organization","@id":"https:\/\/carcans.wellness-sport-camping.com\/en\/#organization","name":"Camping de La Dune Bleue","url":"https:\/\/carcans.wellness-sport-camping.com\/en\/","logo":{"@type":"ImageObject","inLanguage":"en-US","@id":"https:\/\/carcans.wellness-sport-camping.com\/en\/#\/schema\/logo\/image\/","url":"https:\/\/carcans.wellness-sport-camping.com\/wp-content\/uploads\/logo-penne-blanche.png","contentUrl":"https:\/\/carcans.wellness-sport-camping.com\/wp-content\/uploads\/logo-penne-blanche.png","width":260,"height":137,"caption":"Camping de La Dune Bleue"},"image":{"@id":"https:\/\/carcans.wellness-sport-camping.com\/en\/#\/schema\/logo\/image\/"}}]}},"_links":{"self":[{"href":"https:\/\/carcans.wellness-sport-camping.com\/en\/wp-json\/wp\/v2\/pages\/2334","targetHints":{"allow":["GET"]}}],"collection":[{"href":"https:\/\/carcans.wellness-sport-camping.com\/en\/wp-json\/wp\/v2\/pages"}],"about":[{"href":"https:\/\/carcans.wellness-sport-camping.com\/en\/wp-json\/wp\/v2\/types\/page"}],"author":[{"embeddable":true,"href":"https:\/\/carcans.wellness-sport-camping.com\/en\/wp-json\/wp\/v2\/users\/5"}],"replies":[{"embeddable":true,"href":"https:\/\/carcans.wellness-sport-camping.com\/en\/wp-json\/wp\/v2\/comments?post=2334"}],"version-history":[{"count":0,"href":"https:\/\/carcans.wellness-sport-camping.com\/en\/wp-json\/wp\/v2\/pages\/2334\/revisions"}],"up":[{"embeddable":true,"href":"https:\/\/carcans.wellness-sport-camping.com\/en\/wp-json\/wp\/v2\/pages\/2330"}],"wp:featuredmedia":[{"embeddable":true,"href":"https:\/\/carcans.wellness-sport-camping.com\/en\/wp-json\/wp\/v2\/media\/2131"}],"wp:attachment":[{"href":"https:\/\/carcans.wellness-sport-camping.com\/en\/wp-json\/wp\/v2\/media?parent=2334"}],"curies":[{"name":"wp","href":"https:\/\/api.w.org\/{rel}","templated":true}]}}