{"id":2727,"date":"2023-03-14T14:13:11","date_gmt":"2023-03-14T13:13:11","guid":{"rendered":"http:\/\/carcans.wellness-sport-camping.com\/le-groupe-ucpa\/"},"modified":"2023-05-31T12:47:08","modified_gmt":"2023-05-31T10:47:08","slug":"ucpa-gruppe","status":"publish","type":"page","link":"https:\/\/carcans.wellness-sport-camping.com\/de\/ucpa-gruppe\/","title":{"rendered":"UCPA-Gruppe"},"content":{"rendered":"\n<div class=\"wp-block-cover alignfull is-light header-top simbol-top-left\" style=\"margin-top:0px;margin-bottom:0px;padding-top:0;padding-right:0;padding-bottom:0px;padding-left:0;min-height:95vh;aspect-ratio:unset;\"><span aria-hidden=\"true\" class=\"wp-block-cover__background has-background-dim-10 has-background-dim\"><\/span><img decoding=\"async\" class=\"wp-block-cover__image-background wp-image-2531\" alt=\"\" src=\"http:\/\/72.web.thelis.es:30178\/malazeou\/wp-content\/uploads\/ucpa-top.jpg\" style=\"object-position:50% 15%\" data-object-fit=\"cover\" data-object-position=\"50% 15%\"\/><div class=\"wp-block-cover__inner-container is-layout-flow wp-block-cover-is-layout-flow\">\n<div class=\"wp-block-group titre-top animation--init--once animation--top is-layout-constrained wp-block-group-is-layout-constrained\" style=\"padding-bottom:0px\">\n<p class=\"has-text-align-center has-theme-white-color has-text-color has-damion-font-family has-h-1-font-size\">UCPA-Gruppe<\/p>\n\n\n\n<p class=\"has-text-align-center has-theme-white-color has-text-color\"><\/p>\n<\/div>\n\n\n\n<div class=\"wp-block-group breadcrumbs-top is-layout-constrained wp-block-group-is-layout-constrained\" style=\"margin-top:10px;margin-bottom:0px\">\n<span><span><a href=\"https:\/\/carcans.wellness-sport-camping.com\/de\/\">Startseite<\/a><\/span><\/span>\n<\/div>\n\n\n\n<div class=\"wp-block-group alignfull motor-thelis has-theme-brown-2-background-color has-background is-layout-constrained wp-container-core-group-is-layout-e129b69f wp-block-group-is-layout-constrained\" style=\"padding-top:0px;padding-right:0px;padding-bottom:0px;padding-left:0px\">\n<div class=\"wp-block-columns is-layout-flex wp-container-core-columns-is-layout-28f84493 wp-block-columns-is-layout-flex\">\n<div class=\"wp-block-column is-layout-flow wp-block-column-is-layout-flow\" style=\"flex-basis:100%\">\n<section class=\"formulaire-de-recherche-bar\">\r\n            <div id=\"expand-thelis-formulaire\">[:fr]R\u00e9servez[:][:es]Reservar[:][:en]Book[:]<\/div>\r\n            <div class=\"container-form\"><thr-search-engine><\/thr-search-engine><a id=\"pay-btn-2\" onclick=\"window.open('https:\/\/thelisresa.webcamp.fr\/cart-directPayment.php?camping=duneb33&amp;lang=de');\"><i><\/i>Ihren Aufenthalt<\/a>\r\n            <style>\r\n            \r\n            .thr-search-engine .thr-search-engine-main > .thr-btn-search { max-width: 20% !important; }\r\n            .thr .btn i { margin-right: 0 !important; }\r\n            #pay-btn-2 { \r\n                position: absolute;\r\n                right: 0;top: 0;\r\n                margin: 10px;\r\n                border: 0;\r\n                background-color: ;\r\n                color: ;\r\n                cursor: pointer;\r\n                width: calc(17% - 5px);\r\n                padding: 17px 0;\r\n                font-size: 18px;\r\n                font-weight: bold;\r\n                text-transform: auto;\r\n                transition: all .35s;\r\n                display: flex;justify-content: center;\r\n                align-items: center;\r\n            }\r\n            #pay-btn-2 i {\r\n                display: inline-flex;\r\n                width:18px;height:18px;\r\n                margin-right: 5px;\r\n                background-image: url('data:image\/svg+xml;utf8,<?xml version=\"1.0\" encoding=\"utf-8\"?><svg width=\"1792\" height=\"1792\" viewBox=\"0 0 1792 1792\" xmlns=\"http:\/\/www.w3.org\/2000\/svg\"><path d=\"M704 1536q0 52-38 90t-90 38-90-38-38-90 38-90 90-38 90 38 38 90zm896 0q0 52-38 90t-90 38-90-38-38-90 38-90 90-38 90 38 38 90zm128-1088v512q0 24-16.5 42.5t-40.5 21.5l-1044 122q13 60 13 70 0 16-24 64h920q26 0 45 19t19 45-19 45-45 19h-1024q-26 0-45-19t-19-45q0-11 8-31.5t16-36 21.5-40 15.5-29.5l-177-823h-204q-26 0-45-19t-19-45 19-45 45-19h256q16 0 28.5 6.5t19.5 15.5 13 24.5 8 26 5.5 29.5 4.5 26h1201q26 0 45 19t19 45z\" fill=\"rgba(255,255,255,1)\" \/><\/svg>');\r\n                background-size: cover;background-position: center center;background-repeat: no-repeat;\r\n            }\r\n            #pay-btn-2:hover { background-color: ; }\r\n            .thr-search-engine { width: 83%; }\r\n\r\n            @media screen and (max-width: 1024px) {\r\n                #pay-btn-2 { top: 52px; }\r\n                .thr-search-engine .thr-search-engine-main > .thr-btn-search { max-width: inherit !important; }\r\n            }\r\n            @media screen and (max-width: 990px) {\r\n                .thr-search-engine { width: 100%; }\r\n                #pay-btn-2 { position: relative;width: calc(100% - 20px);top: auto;margin-top: 0; }\r\n            }\r\n\r\n            thr-search-engine { border-right: 200px rgba(0,0,0,0) solid;display: block; }\r\n            @media screen and (max-width: 1024px) {\r\n                thr-search-engine { border-right: inherit;display: inherit; }\r\n            }\r\n            <\/style>\r\n            <\/div><\/section><!-- .formulaire-de-recherche-bar --><style>\r\n        #expand-thelis-formulaire { display: none; }\r\n        @media screen and (max-width: 1024px) {\r\n            #expand-thelis-formulaire { display: block; }\r\n            .formulaire-de-recherche-bar .container-form { display: none; }\r\n        }\r\n    <\/style><script>\r\n    jQuery(document).ready(function($){\r\n        jQuery('#expand-thelis-formulaire').click(function(){\r\n            if(\r\n                jQuery('.formulaire-de-recherche-bar .container-form').css('display') == 'none'\r\n            ){\r\n                jQuery('.formulaire-de-recherche-bar .container-form').css('display', 'block');\r\n                jQuery('#expand-thelis-formulaire').addClass('expanded');\r\n            }else{\r\n                jQuery('.formulaire-de-recherche-bar .container-form').css('display', 'none');\r\n                jQuery('#expand-thelis-formulaire').removeClass('expanded');\r\n            }\r\n        });\r\n    });\r\n    <\/script>\n<\/div>\n<\/div>\n<\/div>\n<\/div><\/div>\n\n\n\n<div class=\"wp-block-group alignfull page-intro simbol-top-right-2 is-layout-constrained wp-block-group-is-layout-constrained\">\n<div class=\"wp-block-columns is-layout-flex wp-container-core-columns-is-layout-28f84493 wp-block-columns-is-layout-flex\">\n<div class=\"wp-block-column is-layout-flow wp-block-column-is-layout-flow\">\n<h1 class=\"wp-block-heading has-text-align-center simbol-titre has-sub\">Die UCPA<sub><span>Was ist das ?<\/span><\/sub><\/h1>\n<\/div>\n<\/div>\n\n\n\n<div class=\"wp-block-columns is-layout-flex wp-container-core-columns-is-layout-9cf8123d wp-block-columns-is-layout-flex\">\n<div class=\"wp-block-column is-layout-flow wp-block-column-is-layout-flow\">\n<p class=\"has-text-align-center\"><strong>ENGAGIERT F\u00dcR DEN SPORT F\u00dcR ALLE<\/strong><\/p>\n\n\n\n<p class=\"has-text-align-center\" style=\"margin-bottom:50px\">Die als gemeinn\u00fctzig anerkannte UCPA-Gruppe ist von Beruf Sporterzieher und setzt sich seit \u00fcber 50 Jahren f\u00fcr einen Sport ein, der allen offen steht, nicht wettbewerbsorientiert ist und das Zusammenleben f\u00f6rdert.<\/p>\n\n\n\n<div class=\"wp-block-group is-layout-constrained wp-block-group-is-layout-constrained\">        <a href=\"https:\/\/www.ucpa.asso.fr\/le-groupe\"class=\"wp-block-custom-banner button-1 has-text-align-center\" target=\"_blank\">\n        <div class=\"acf-innerblocks-container\">\n\n<p class=\"has-text-align-center\">Entdecken Sie die UCPA-Gruppe<\/p>\n\n<\/div>\n        <\/a>\n\n\n        <a href=\"https:\/\/www.ucpa.com\/\"class=\"wp-block-custom-banner button-1 has-text-align-left\" target=\"_blank\">\n        <div class=\"acf-innerblocks-container\">\n\n<p class=\"has-text-align-center\">Entdecken Sie die UCPA-Sportreisen<\/p>\n\n<\/div>\n        <\/a>\n<\/div>\n<\/div>\n<\/div>\n<\/div>\n","protected":false},"excerpt":{"rendered":"<p>Die UCPAWas ist das ? ENGAGIERT F\u00dcR DEN SPORT F\u00dcR ALLE Die als gemeinn\u00fctzig anerkannte UCPA-Gruppe ist von Beruf Sporterzieher und setzt sich seit \u00fcber&#8230;<\/p>\n","protected":false},"author":5,"featured_media":0,"parent":0,"menu_order":6,"comment_status":"closed","ping_status":"closed","template":"","meta":{"_acf_changed":false,"inline_featured_image":false,"footnotes":""},"class_list":["post-2727","page","type-page","status-publish","hentry"],"acf":[],"yoast_head":"<!-- This site is optimized with the Yoast SEO plugin v27.1.1 - https:\/\/yoast.com\/product\/yoast-seo-wordpress\/ -->\n<title>Alle Werte der UCPA-Gruppe<\/title>\n<meta name=\"description\" content=\"Die UCPA-Gruppe setzt sich seit \u00fcber 50 Jahren f\u00fcr einen Sport ein, der allen offen steht und das Zusammenleben f\u00f6rdert.\" \/>\n<meta name=\"robots\" content=\"index, follow, max-snippet:-1, max-image-preview:large, max-video-preview:-1\" \/>\n<link rel=\"canonical\" href=\"https:\/\/carcans.wellness-sport-camping.com\/de\/ucpa-gruppe\/\" \/>\n<meta property=\"og:locale\" content=\"de_DE\" \/>\n<meta property=\"og:type\" content=\"article\" \/>\n<meta property=\"og:title\" content=\"Alle Werte der UCPA-Gruppe\" \/>\n<meta property=\"og:description\" content=\"Die UCPA-Gruppe setzt sich seit \u00fcber 50 Jahren f\u00fcr einen Sport ein, der allen offen steht und das Zusammenleben f\u00f6rdert.\" \/>\n<meta property=\"og:url\" content=\"https:\/\/carcans.wellness-sport-camping.com\/de\/ucpa-gruppe\/\" \/>\n<meta property=\"og:site_name\" content=\"Camping de La Dune Bleue\" \/>\n<meta property=\"article:modified_time\" content=\"2023-05-31T10:47:08+00:00\" \/>\n<meta property=\"og:image\" content=\"http:\/\/72.web.thelis.es:30178\/malazeou\/wp-content\/uploads\/ucpa-top.jpg\" \/>\n<meta name=\"twitter:card\" content=\"summary_large_image\" \/>\n<meta name=\"twitter:label1\" content=\"Gesch\u00e4tzte Lesezeit\" \/>\n\t<meta name=\"twitter:data1\" content=\"1\u00a0Minute\" \/>\n<script type=\"application\/ld+json\" class=\"yoast-schema-graph\">{\"@context\":\"https:\/\/schema.org\",\"@graph\":[{\"@type\":\"WebPage\",\"@id\":\"https:\/\/carcans.wellness-sport-camping.com\/de\/ucpa-gruppe\/\",\"url\":\"https:\/\/carcans.wellness-sport-camping.com\/de\/ucpa-gruppe\/\",\"name\":\"Alle Werte der UCPA-Gruppe\",\"isPartOf\":{\"@id\":\"https:\/\/carcans.wellness-sport-camping.com\/de\/#website\"},\"primaryImageOfPage\":{\"@id\":\"https:\/\/carcans.wellness-sport-camping.com\/de\/ucpa-gruppe\/#primaryimage\"},\"image\":{\"@id\":\"https:\/\/carcans.wellness-sport-camping.com\/de\/ucpa-gruppe\/#primaryimage\"},\"thumbnailUrl\":\"http:\/\/72.web.thelis.es:30178\/malazeou\/wp-content\/uploads\/ucpa-top.jpg\",\"datePublished\":\"2023-03-14T13:13:11+00:00\",\"dateModified\":\"2023-05-31T10:47:08+00:00\",\"description\":\"Die UCPA-Gruppe setzt sich seit \u00fcber 50 Jahren f\u00fcr einen Sport ein, der allen offen steht und das Zusammenleben f\u00f6rdert.\",\"breadcrumb\":{\"@id\":\"https:\/\/carcans.wellness-sport-camping.com\/de\/ucpa-gruppe\/#breadcrumb\"},\"inLanguage\":\"de\",\"potentialAction\":[{\"@type\":\"ReadAction\",\"target\":[\"https:\/\/carcans.wellness-sport-camping.com\/de\/ucpa-gruppe\/\"]}]},{\"@type\":\"ImageObject\",\"inLanguage\":\"de\",\"@id\":\"https:\/\/carcans.wellness-sport-camping.com\/de\/ucpa-gruppe\/#primaryimage\",\"url\":\"http:\/\/72.web.thelis.es:30178\/malazeou\/wp-content\/uploads\/ucpa-top.jpg\",\"contentUrl\":\"http:\/\/72.web.thelis.es:30178\/malazeou\/wp-content\/uploads\/ucpa-top.jpg\"},{\"@type\":\"BreadcrumbList\",\"@id\":\"https:\/\/carcans.wellness-sport-camping.com\/de\/ucpa-gruppe\/#breadcrumb\",\"itemListElement\":[{\"@type\":\"ListItem\",\"position\":1,\"name\":\"Startseite\",\"item\":\"https:\/\/carcans.wellness-sport-camping.com\/de\/\"},{\"@type\":\"ListItem\",\"position\":2,\"name\":\"UCPA-Gruppe\"}]},{\"@type\":\"WebSite\",\"@id\":\"https:\/\/carcans.wellness-sport-camping.com\/de\/#website\",\"url\":\"https:\/\/carcans.wellness-sport-camping.com\/de\/\",\"name\":\"Camping de La Dune Bleue\",\"description\":\"L\u2019odeur de la for\u00eat, la douceur des pins, le chant des oiseaux\",\"publisher\":{\"@id\":\"https:\/\/carcans.wellness-sport-camping.com\/de\/#organization\"},\"potentialAction\":[{\"@type\":\"SearchAction\",\"target\":{\"@type\":\"EntryPoint\",\"urlTemplate\":\"https:\/\/carcans.wellness-sport-camping.com\/de\/?s={search_term_string}\"},\"query-input\":{\"@type\":\"PropertyValueSpecification\",\"valueRequired\":true,\"valueName\":\"search_term_string\"}}],\"inLanguage\":\"de\"},{\"@type\":\"Organization\",\"@id\":\"https:\/\/carcans.wellness-sport-camping.com\/de\/#organization\",\"name\":\"Camping de La Dune Bleue\",\"url\":\"https:\/\/carcans.wellness-sport-camping.com\/de\/\",\"logo\":{\"@type\":\"ImageObject\",\"inLanguage\":\"de\",\"@id\":\"https:\/\/carcans.wellness-sport-camping.com\/de\/#\/schema\/logo\/image\/\",\"url\":\"https:\/\/carcans.wellness-sport-camping.com\/wp-content\/uploads\/logo-penne-blanche.png\",\"contentUrl\":\"https:\/\/carcans.wellness-sport-camping.com\/wp-content\/uploads\/logo-penne-blanche.png\",\"width\":260,\"height\":137,\"caption\":\"Camping de La Dune Bleue\"},\"image\":{\"@id\":\"https:\/\/carcans.wellness-sport-camping.com\/de\/#\/schema\/logo\/image\/\"}}]}<\/script>\n<!-- \/ Yoast SEO plugin. -->","yoast_head_json":{"title":"Alle Werte der UCPA-Gruppe","description":"Die UCPA-Gruppe setzt sich seit \u00fcber 50 Jahren f\u00fcr einen Sport ein, der allen offen steht und das Zusammenleben f\u00f6rdert.","robots":{"index":"index","follow":"follow","max-snippet":"max-snippet:-1","max-image-preview":"max-image-preview:large","max-video-preview":"max-video-preview:-1"},"canonical":"https:\/\/carcans.wellness-sport-camping.com\/de\/ucpa-gruppe\/","og_locale":"de_DE","og_type":"article","og_title":"Alle Werte der UCPA-Gruppe","og_description":"Die UCPA-Gruppe setzt sich seit \u00fcber 50 Jahren f\u00fcr einen Sport ein, der allen offen steht und das Zusammenleben f\u00f6rdert.","og_url":"https:\/\/carcans.wellness-sport-camping.com\/de\/ucpa-gruppe\/","og_site_name":"Camping de La Dune Bleue","article_modified_time":"2023-05-31T10:47:08+00:00","og_image":[{"url":"http:\/\/72.web.thelis.es:30178\/malazeou\/wp-content\/uploads\/ucpa-top.jpg","type":"","width":"","height":""}],"twitter_card":"summary_large_image","twitter_misc":{"Gesch\u00e4tzte Lesezeit":"1\u00a0Minute"},"schema":{"@context":"https:\/\/schema.org","@graph":[{"@type":"WebPage","@id":"https:\/\/carcans.wellness-sport-camping.com\/de\/ucpa-gruppe\/","url":"https:\/\/carcans.wellness-sport-camping.com\/de\/ucpa-gruppe\/","name":"Alle Werte der UCPA-Gruppe","isPartOf":{"@id":"https:\/\/carcans.wellness-sport-camping.com\/de\/#website"},"primaryImageOfPage":{"@id":"https:\/\/carcans.wellness-sport-camping.com\/de\/ucpa-gruppe\/#primaryimage"},"image":{"@id":"https:\/\/carcans.wellness-sport-camping.com\/de\/ucpa-gruppe\/#primaryimage"},"thumbnailUrl":"http:\/\/72.web.thelis.es:30178\/malazeou\/wp-content\/uploads\/ucpa-top.jpg","datePublished":"2023-03-14T13:13:11+00:00","dateModified":"2023-05-31T10:47:08+00:00","description":"Die UCPA-Gruppe setzt sich seit \u00fcber 50 Jahren f\u00fcr einen Sport ein, der allen offen steht und das Zusammenleben f\u00f6rdert.","breadcrumb":{"@id":"https:\/\/carcans.wellness-sport-camping.com\/de\/ucpa-gruppe\/#breadcrumb"},"inLanguage":"de","potentialAction":[{"@type":"ReadAction","target":["https:\/\/carcans.wellness-sport-camping.com\/de\/ucpa-gruppe\/"]}]},{"@type":"ImageObject","inLanguage":"de","@id":"https:\/\/carcans.wellness-sport-camping.com\/de\/ucpa-gruppe\/#primaryimage","url":"http:\/\/72.web.thelis.es:30178\/malazeou\/wp-content\/uploads\/ucpa-top.jpg","contentUrl":"http:\/\/72.web.thelis.es:30178\/malazeou\/wp-content\/uploads\/ucpa-top.jpg"},{"@type":"BreadcrumbList","@id":"https:\/\/carcans.wellness-sport-camping.com\/de\/ucpa-gruppe\/#breadcrumb","itemListElement":[{"@type":"ListItem","position":1,"name":"Startseite","item":"https:\/\/carcans.wellness-sport-camping.com\/de\/"},{"@type":"ListItem","position":2,"name":"UCPA-Gruppe"}]},{"@type":"WebSite","@id":"https:\/\/carcans.wellness-sport-camping.com\/de\/#website","url":"https:\/\/carcans.wellness-sport-camping.com\/de\/","name":"Camping de La Dune Bleue","description":"L\u2019odeur de la for\u00eat, la douceur des pins, le chant des oiseaux","publisher":{"@id":"https:\/\/carcans.wellness-sport-camping.com\/de\/#organization"},"potentialAction":[{"@type":"SearchAction","target":{"@type":"EntryPoint","urlTemplate":"https:\/\/carcans.wellness-sport-camping.com\/de\/?s={search_term_string}"},"query-input":{"@type":"PropertyValueSpecification","valueRequired":true,"valueName":"search_term_string"}}],"inLanguage":"de"},{"@type":"Organization","@id":"https:\/\/carcans.wellness-sport-camping.com\/de\/#organization","name":"Camping de La Dune Bleue","url":"https:\/\/carcans.wellness-sport-camping.com\/de\/","logo":{"@type":"ImageObject","inLanguage":"de","@id":"https:\/\/carcans.wellness-sport-camping.com\/de\/#\/schema\/logo\/image\/","url":"https:\/\/carcans.wellness-sport-camping.com\/wp-content\/uploads\/logo-penne-blanche.png","contentUrl":"https:\/\/carcans.wellness-sport-camping.com\/wp-content\/uploads\/logo-penne-blanche.png","width":260,"height":137,"caption":"Camping de La Dune Bleue"},"image":{"@id":"https:\/\/carcans.wellness-sport-camping.com\/de\/#\/schema\/logo\/image\/"}}]}},"_links":{"self":[{"href":"https:\/\/carcans.wellness-sport-camping.com\/de\/wp-json\/wp\/v2\/pages\/2727","targetHints":{"allow":["GET"]}}],"collection":[{"href":"https:\/\/carcans.wellness-sport-camping.com\/de\/wp-json\/wp\/v2\/pages"}],"about":[{"href":"https:\/\/carcans.wellness-sport-camping.com\/de\/wp-json\/wp\/v2\/types\/page"}],"author":[{"embeddable":true,"href":"https:\/\/carcans.wellness-sport-camping.com\/de\/wp-json\/wp\/v2\/users\/5"}],"replies":[{"embeddable":true,"href":"https:\/\/carcans.wellness-sport-camping.com\/de\/wp-json\/wp\/v2\/comments?post=2727"}],"version-history":[{"count":0,"href":"https:\/\/carcans.wellness-sport-camping.com\/de\/wp-json\/wp\/v2\/pages\/2727\/revisions"}],"wp:attachment":[{"href":"https:\/\/carcans.wellness-sport-camping.com\/de\/wp-json\/wp\/v2\/media?parent=2727"}],"curies":[{"name":"wp","href":"https:\/\/api.w.org\/{rel}","templated":true}]}}