{"id":2534,"date":"2023-03-03T11:18:29","date_gmt":"2023-03-03T10:18:29","guid":{"rendered":"http:\/\/carcans.wellness-sport-camping.com\/le-camping\/"},"modified":"2023-06-02T14:50:46","modified_gmt":"2023-06-02T12:50:46","slug":"camping","status":"publish","type":"page","link":"https:\/\/carcans.wellness-sport-camping.com\/de\/camping\/","title":{"rendered":"Camping"},"content":{"rendered":"\n<div class=\"wp-block-cover alignfull is-light header-top simbol-top-left\" style=\"margin-top:0px;margin-bottom:0px;padding-top:0;padding-right:0;padding-bottom:0px;padding-left:0;min-height:95vh;aspect-ratio:unset;\"><span aria-hidden=\"true\" class=\"wp-block-cover__background has-background-dim-20 has-background-dim\"><\/span><img loading=\"lazy\" decoding=\"async\" width=\"1920\" height=\"900\" class=\"wp-block-cover__image-background wp-image-2522\" alt=\"\" src=\"https:\/\/carcans.wellness-sport-camping.com\/wp-content\/uploads\/chez-nous-top-1.jpg\" style=\"object-position:51% 93%\" data-object-fit=\"cover\" data-object-position=\"51% 93%\" srcset=\"https:\/\/carcans.wellness-sport-camping.com\/wp-content\/uploads\/chez-nous-top-1.jpg 1920w, https:\/\/carcans.wellness-sport-camping.com\/wp-content\/uploads\/chez-nous-top-1-1024x480.jpg 1024w, https:\/\/carcans.wellness-sport-camping.com\/wp-content\/uploads\/chez-nous-top-1-768x360.jpg 768w, https:\/\/carcans.wellness-sport-camping.com\/wp-content\/uploads\/chez-nous-top-1-1536x720.jpg 1536w, https:\/\/carcans.wellness-sport-camping.com\/wp-content\/uploads\/chez-nous-top-1-512x240.jpg 512w, https:\/\/carcans.wellness-sport-camping.com\/wp-content\/uploads\/chez-nous-top-1-256x120.jpg 256w\" sizes=\"auto, (max-width: 1920px) 100vw, 1920px\" \/><div class=\"wp-block-cover__inner-container is-layout-flow wp-block-cover-is-layout-flow\">\n<div class=\"wp-block-group titre-top animation--init--once animation--top is-layout-constrained wp-block-group-is-layout-constrained\" style=\"padding-bottom:0px\">\n<p class=\"has-text-align-center has-theme-white-color has-text-color has-damion-font-family has-h-1-font-size\">Bei Uns<\/p>\n<\/div>\n\n\n\n<div class=\"wp-block-group breadcrumbs-top is-layout-constrained wp-block-group-is-layout-constrained\" style=\"margin-top:10px;margin-bottom:0px\">\n<span><span><a href=\"https:\/\/carcans.wellness-sport-camping.com\/de\/\">Startseite<\/a><\/span><\/span>\n<\/div>\n\n\n\n<div class=\"wp-block-group alignfull motor-thelis has-theme-brown-2-background-color has-background is-layout-constrained wp-container-core-group-is-layout-e129b69f wp-block-group-is-layout-constrained\" style=\"padding-top:0px;padding-right:0px;padding-bottom:0px;padding-left:0px\">\n<div class=\"wp-block-columns is-layout-flex wp-container-core-columns-is-layout-28f84493 wp-block-columns-is-layout-flex\">\n<div class=\"wp-block-column is-layout-flow wp-block-column-is-layout-flow\" style=\"flex-basis:100%\">\n<section class=\"formulaire-de-recherche-bar\">\r\n            <div id=\"expand-thelis-formulaire\">[:fr]R\u00e9servez[:][:es]Reservar[:][:en]Book[:]<\/div>\r\n            <div class=\"container-form\"><thr-search-engine><\/thr-search-engine><a id=\"pay-btn-2\" onclick=\"window.open('https:\/\/thelisresa.webcamp.fr\/cart-directPayment.php?camping=duneb33&amp;lang=de');\"><i><\/i>Ihren Aufenthalt<\/a>\r\n            <style>\r\n            \r\n            .thr-search-engine .thr-search-engine-main > .thr-btn-search { max-width: 20% !important; }\r\n            .thr .btn i { margin-right: 0 !important; }\r\n            #pay-btn-2 { \r\n                position: absolute;\r\n                right: 0;top: 0;\r\n                margin: 10px;\r\n                border: 0;\r\n                background-color: ;\r\n                color: ;\r\n                cursor: pointer;\r\n                width: calc(17% - 5px);\r\n                padding: 17px 0;\r\n                font-size: 18px;\r\n                font-weight: bold;\r\n                text-transform: auto;\r\n                transition: all .35s;\r\n                display: flex;justify-content: center;\r\n                align-items: center;\r\n            }\r\n            #pay-btn-2 i {\r\n                display: inline-flex;\r\n                width:18px;height:18px;\r\n                margin-right: 5px;\r\n                background-image: url('data:image\/svg+xml;utf8,<?xml version=\"1.0\" encoding=\"utf-8\"?><svg width=\"1792\" height=\"1792\" viewBox=\"0 0 1792 1792\" xmlns=\"http:\/\/www.w3.org\/2000\/svg\"><path d=\"M704 1536q0 52-38 90t-90 38-90-38-38-90 38-90 90-38 90 38 38 90zm896 0q0 52-38 90t-90 38-90-38-38-90 38-90 90-38 90 38 38 90zm128-1088v512q0 24-16.5 42.5t-40.5 21.5l-1044 122q13 60 13 70 0 16-24 64h920q26 0 45 19t19 45-19 45-45 19h-1024q-26 0-45-19t-19-45q0-11 8-31.5t16-36 21.5-40 15.5-29.5l-177-823h-204q-26 0-45-19t-19-45 19-45 45-19h256q16 0 28.5 6.5t19.5 15.5 13 24.5 8 26 5.5 29.5 4.5 26h1201q26 0 45 19t19 45z\" fill=\"rgba(255,255,255,1)\" \/><\/svg>');\r\n                background-size: cover;background-position: center center;background-repeat: no-repeat;\r\n            }\r\n            #pay-btn-2:hover { background-color: ; }\r\n            .thr-search-engine { width: 83%; }\r\n\r\n            @media screen and (max-width: 1024px) {\r\n                #pay-btn-2 { top: 52px; }\r\n                .thr-search-engine .thr-search-engine-main > .thr-btn-search { max-width: inherit !important; }\r\n            }\r\n            @media screen and (max-width: 990px) {\r\n                .thr-search-engine { width: 100%; }\r\n                #pay-btn-2 { position: relative;width: calc(100% - 20px);top: auto;margin-top: 0; }\r\n            }\r\n\r\n            thr-search-engine { border-right: 200px rgba(0,0,0,0) solid;display: block; }\r\n            @media screen and (max-width: 1024px) {\r\n                thr-search-engine { border-right: inherit;display: inherit; }\r\n            }\r\n            <\/style>\r\n            <\/div><\/section><!-- .formulaire-de-recherche-bar --><style>\r\n        #expand-thelis-formulaire { display: none; }\r\n        @media screen and (max-width: 1024px) {\r\n            #expand-thelis-formulaire { display: block; }\r\n            .formulaire-de-recherche-bar .container-form { display: none; }\r\n        }\r\n    <\/style><script>\r\n    jQuery(document).ready(function($){\r\n        jQuery('#expand-thelis-formulaire').click(function(){\r\n            if(\r\n                jQuery('.formulaire-de-recherche-bar .container-form').css('display') == 'none'\r\n            ){\r\n                jQuery('.formulaire-de-recherche-bar .container-form').css('display', 'block');\r\n                jQuery('#expand-thelis-formulaire').addClass('expanded');\r\n            }else{\r\n                jQuery('.formulaire-de-recherche-bar .container-form').css('display', 'none');\r\n                jQuery('#expand-thelis-formulaire').removeClass('expanded');\r\n            }\r\n        });\r\n    });\r\n    <\/script>\n<\/div>\n<\/div>\n<\/div>\n<\/div><\/div>\n\n\n\n<div class=\"wp-block-group alignfull page-intro simbol-top-right-2 is-layout-constrained wp-block-group-is-layout-constrained\">\n<div class=\"wp-block-columns is-layout-flex wp-container-core-columns-is-layout-28f84493 wp-block-columns-is-layout-flex\">\n<div class=\"wp-block-column is-layout-flow wp-block-column-is-layout-flow\">\n<h1 class=\"wp-block-heading has-text-align-center simbol-titre line-titre\">Campingplatz La Pene Blanche<\/h1>\n<\/div>\n<\/div>\n\n\n\n<div class=\"wp-block-columns is-layout-flex wp-container-core-columns-is-layout-28f84493 wp-block-columns-is-layout-flex\">\n<div class=\"wp-block-column animation--init--once animation--left is-layout-flow wp-block-column-is-layout-flow\" style=\"flex-basis:37%\">\n<p class=\"text-intro-camping\"><span>Kommen Sie und erleben Sie ein Naturerlebnis<\/span> im Wellness Sport Camping de Carcans<\/p>\n<\/div>\n\n\n\n<div class=\"wp-block-column is-layout-flow wp-block-column-is-layout-flow\">\n<p>Der Geruch des Waldes, die Sanftheit der Kiefern, der Gesang der V\u00f6gel, &#8230; erleben Sie eine nat\u00fcrliche Erfahrung auf dem Wellness Sport Camping in Carcans.<\/p>\n\n\n\n<p>Zwischen See und Ozean k\u00f6nnen Sie eine einzigartige Umgebung genie\u00dfen, in der Spazierg\u00e4nge, sportliche Aktivit\u00e4ten und Entdeckungen den Urlaub der ganzen Familie bestimmen werden.<\/p>\n\n\n\n<p>Buchen Sie in aller Ruhe eines unserer Cottages mit Holzterrasse, unsere Lodges f\u00fcr einen noch naturn\u00e4heren Urlaub oder einen unserer Stellpl\u00e4tze f\u00fcr Wohnmobile oder Zelte. Genie\u00dfen Sie einen Mini-Urlaub oder ein Wochenende in der Natur, um sich vor dem Sommer eine Auszeit zu nehmen, und das zu sehr erschwinglichen Preisen.<\/p>\n\n\n\n<p>Herzlich willkommen bei uns!<\/p>\n<\/div>\n<\/div>\n<\/div>\n\n\n\n<div class=\"wp-block-group alignfull is-layout-constrained wp-block-group-is-layout-constrained\" style=\"margin-bottom:0px\">\n<div class=\"wp-block-cover alignfull is-light has-parallax is-repeated\" style=\"min-height:550px;aspect-ratio:unset;\"><span aria-hidden=\"true\" class=\"wp-block-cover__background has-background-dim-0 has-background-dim\"><\/span><div role=\"img\" class=\"wp-block-cover__image-background wp-image-2527 has-parallax is-repeated\" style=\"background-position:50% 50%;background-image:url(https:\/\/carcans.wellness-sport-camping.com\/wp-content\/uploads\/chez-nous-banner.jpg)\"><\/div><div class=\"wp-block-cover__inner-container is-layout-flow wp-block-cover-is-layout-flow\">\n<p class=\"has-text-align-center has-large-font-size\"><\/p>\n<\/div><\/div>\n<\/div>\n\n\n\n<div class=\"wp-block-group alignfull savoir-plus-camping bg-top-left bg-bottom-right is-layout-constrained wp-block-group-is-layout-constrained\" style=\"margin-top:0px;margin-bottom:0px\">\n<div class=\"wp-block-columns alignfull simbol-top-right-3 is-layout-flex wp-container-core-columns-is-layout-28f84493 wp-block-columns-is-layout-flex\">\n<div class=\"wp-block-column is-layout-flow wp-block-column-is-layout-flow\">\n<h2 class=\"wp-block-heading has-text-align-center simbol-titre line-titre\">Erfahren Sie mehr \u00fcber unseren Campingplatz<\/h2>\n<\/div>\n<\/div>\n\n\n\n<div class=\"wp-block-columns is-layout-flex wp-container-core-columns-is-layout-731cc08c wp-block-columns-is-layout-flex\">\n<div class=\"wp-block-column is-layout-flow wp-block-column-is-layout-flow\">\n<h3 class=\"wp-block-heading has-theme-blue-color has-text-color\"><sup>mit der Natur verbunden<\/sup>Campingplatz<br>Die Blaue D\u00fcne<\/h3>\n\n\n\n<p>Sie wollen im Wald in einer Cocooning-Atmosph\u00e4re schlafen und mit der Natur verbunden sein, dann sind Sie hier richtig!<\/p>\n\n\n\n<p>150 m vom gr\u00f6\u00dften S\u00fc\u00dfwassersee Frankreichs und 5 km von Carcans Plage entfernt, an den Ufern des Lac de Carcans Maubuisson, liegt der Wellness Sport Camping de Carcans im Herzen der Domaine de Bombannes. <\/p>\n\n\n\n<p>Eine Dom\u00e4ne zwischen See und Ozean f\u00fcr einen Urlaub, der sich auf Sport, Gesundheit, Erholung und Ruhe f\u00fcr die ganze Familie reimt.<\/p>\n\n\n\n<figure class=\"wp-block-image size-full image-1 animation--init--once animation--top\"><img loading=\"lazy\" decoding=\"async\" width=\"1100\" height=\"733\" src=\"https:\/\/carcans.wellness-sport-camping.com\/wp-content\/uploads\/chez-nous-03-1.jpg\" alt=\"\" class=\"wp-image-2525\" srcset=\"https:\/\/carcans.wellness-sport-camping.com\/wp-content\/uploads\/chez-nous-03-1.jpg 1100w, https:\/\/carcans.wellness-sport-camping.com\/wp-content\/uploads\/chez-nous-03-1-1024x682.jpg 1024w, https:\/\/carcans.wellness-sport-camping.com\/wp-content\/uploads\/chez-nous-03-1-768x512.jpg 768w, https:\/\/carcans.wellness-sport-camping.com\/wp-content\/uploads\/chez-nous-03-1-512x341.jpg 512w, https:\/\/carcans.wellness-sport-camping.com\/wp-content\/uploads\/chez-nous-03-1-256x171.jpg 256w\" sizes=\"auto, (max-width: 1100px) 100vw, 1100px\" \/><\/figure>\n<\/div>\n\n\n\n<div class=\"wp-block-column animation--init--once animation--right is-layout-flow wp-block-column-is-layout-flow\">\n<div class=\"wp-block-cover image-2\"><span aria-hidden=\"true\" class=\"wp-block-cover__background has-background-dim-0 has-background-dim\"><\/span><img loading=\"lazy\" decoding=\"async\" width=\"1100\" height=\"733\" class=\"wp-block-cover__image-background wp-image-2526\" alt=\"\" src=\"https:\/\/carcans.wellness-sport-camping.com\/wp-content\/uploads\/chez-nous-04-1.jpg\" style=\"object-position:21% 57%\" data-object-fit=\"cover\" data-object-position=\"21% 57%\" srcset=\"https:\/\/carcans.wellness-sport-camping.com\/wp-content\/uploads\/chez-nous-04-1.jpg 1100w, https:\/\/carcans.wellness-sport-camping.com\/wp-content\/uploads\/chez-nous-04-1-1024x682.jpg 1024w, https:\/\/carcans.wellness-sport-camping.com\/wp-content\/uploads\/chez-nous-04-1-768x512.jpg 768w, https:\/\/carcans.wellness-sport-camping.com\/wp-content\/uploads\/chez-nous-04-1-512x341.jpg 512w, https:\/\/carcans.wellness-sport-camping.com\/wp-content\/uploads\/chez-nous-04-1-256x171.jpg 256w\" sizes=\"auto, (max-width: 1100px) 100vw, 1100px\" \/><div class=\"wp-block-cover__inner-container is-layout-flow wp-block-cover-is-layout-flow\">\n<p class=\"has-text-align-center has-large-font-size\"><\/p>\n<\/div><\/div>\n<\/div>\n<\/div>\n\n\n\n<div class=\"wp-block-columns is-layout-flex wp-container-core-columns-is-layout-c4677a31 wp-block-columns-is-layout-flex\">\n<div class=\"wp-block-column animation--init--once animation--left is-layout-flow wp-block-column-is-layout-flow\">\n<div class=\"wp-block-cover image-3\"><span aria-hidden=\"true\" class=\"wp-block-cover__background has-background-dim-0 has-background-dim\"><\/span><img loading=\"lazy\" decoding=\"async\" width=\"668\" height=\"900\" class=\"wp-block-cover__image-background wp-image-2523\" alt=\"\" src=\"https:\/\/carcans.wellness-sport-camping.com\/wp-content\/uploads\/chez-nous-01-1.jpg\" style=\"object-position:51% 100%\" data-object-fit=\"cover\" data-object-position=\"51% 100%\" srcset=\"https:\/\/carcans.wellness-sport-camping.com\/wp-content\/uploads\/chez-nous-01-1.jpg 668w, https:\/\/carcans.wellness-sport-camping.com\/wp-content\/uploads\/chez-nous-01-1-380x512.jpg 380w, https:\/\/carcans.wellness-sport-camping.com\/wp-content\/uploads\/chez-nous-01-1-190x256.jpg 190w\" sizes=\"auto, (max-width: 668px) 100vw, 668px\" \/><div class=\"wp-block-cover__inner-container is-layout-flow wp-block-cover-is-layout-flow\">\n<p class=\"has-text-align-center has-large-font-size\"><\/p>\n<\/div><\/div>\n<\/div>\n\n\n\n<div class=\"wp-block-column is-layout-flow wp-block-column-is-layout-flow\">\n<figure class=\"wp-block-image size-full image-4 animation--init--once animation--bottom\"><img loading=\"lazy\" decoding=\"async\" width=\"1100\" height=\"733\" src=\"https:\/\/carcans.wellness-sport-camping.com\/wp-content\/uploads\/chez-nous-02-1.jpg\" alt=\"\" class=\"wp-image-2524\" srcset=\"https:\/\/carcans.wellness-sport-camping.com\/wp-content\/uploads\/chez-nous-02-1.jpg 1100w, https:\/\/carcans.wellness-sport-camping.com\/wp-content\/uploads\/chez-nous-02-1-1024x682.jpg 1024w, https:\/\/carcans.wellness-sport-camping.com\/wp-content\/uploads\/chez-nous-02-1-768x512.jpg 768w, https:\/\/carcans.wellness-sport-camping.com\/wp-content\/uploads\/chez-nous-02-1-512x341.jpg 512w, https:\/\/carcans.wellness-sport-camping.com\/wp-content\/uploads\/chez-nous-02-1-256x171.jpg 256w\" sizes=\"auto, (max-width: 1100px) 100vw, 1100px\" \/><\/figure>\n\n\n\n<h3 class=\"wp-block-heading has-theme-blue-color has-text-color\"><sup>Entdecken Sie die Domain<\/sup>Wir machen alles<br>zu Fu\u00df oder mit dem Fahrrad<\/h3>\n\n\n\n<p>Vom Campingplatz aus kann man alles zu Fu\u00df oder mit dem Fahrrad erledigen: Einkaufen im Supermarkt von Bombannes, Aktivit\u00e4ten auf dem See oder am Ozean, Schwimmen am bewachten Strand von Bombannes, 300 m vom Campingplatz entfernt, mit den Aktivit\u00e4ten des Beach Clubs (Paddelverleih, Tretboot, Kanu&#8230;), Gesch\u00e4fte in Carcans Maubuisson mit dem Fahrrad&#8230;..<\/p>\n<\/div>\n<\/div>\n<\/div>\n\n\n\n<div class=\"wp-block-group alignfull is-layout-constrained wp-block-group-is-layout-constrained\" style=\"margin-top:0px;margin-bottom:0px\">\n<div class=\"wp-block-cover alignfull is-light has-parallax is-repeated\" style=\"min-height:550px;aspect-ratio:unset;\"><span aria-hidden=\"true\" class=\"wp-block-cover__background has-background-dim-0 has-background-dim\"><\/span><div role=\"img\" class=\"wp-block-cover__image-background wp-image-2528 has-parallax is-repeated\" style=\"background-position:50% 50%;background-image:url(https:\/\/carcans.wellness-sport-camping.com\/wp-content\/uploads\/chez-nous-banner2.jpg)\"><\/div><div class=\"wp-block-cover__inner-container is-layout-flow wp-block-cover-is-layout-flow\">\n<p class=\"has-text-align-center has-large-font-size\"><\/p>\n<\/div><\/div>\n<\/div>\n\n\n\n<div class=\"wp-block-group alignfull nos-offres simbol-top-left is-layout-constrained wp-block-group-is-layout-constrained\" style=\"margin-top:0px\">\n<div class=\"wp-block-columns is-layout-flex wp-container-core-columns-is-layout-28f84493 wp-block-columns-is-layout-flex\">\n<div class=\"wp-block-column is-layout-flow wp-block-column-is-layout-flow\">\n<h2 class=\"wp-block-heading has-text-align-center simbol-titre\">Unsere Angebote und Rabatte<\/h2>\n\n\n\n<thr-favorites quantity = \"\"><\/thr-favorites>\n<\/div>\n<\/div>\n<\/div>\n","protected":false},"excerpt":{"rendered":"<p>Campingplatz La Pene Blanche Kommen Sie und erleben Sie ein Naturerlebnis im Wellness Sport Camping de Carcans Der Geruch des Waldes, die Sanftheit der Kiefern,&#8230;<\/p>\n","protected":false},"author":5,"featured_media":0,"parent":0,"menu_order":1,"comment_status":"closed","ping_status":"closed","template":"","meta":{"_acf_changed":false,"inline_featured_image":false,"footnotes":""},"class_list":["post-2534","page","type-page","status-publish","hentry"],"acf":[],"yoast_head":"<!-- This site is optimized with the Yoast SEO plugin v27.1.1 - https:\/\/yoast.com\/product\/yoast-seo-wordpress\/ -->\n<title>Wellness Sport Camping UCPA La Dune Bleue in Carcans<\/title>\n<meta name=\"description\" content=\"Der zwischen See und Ozean gelegene Campingplatz La Dune Bleue in Carcans bietet Ihnen einen sportlichen Urlaub.\" \/>\n<meta name=\"robots\" content=\"index, follow, max-snippet:-1, max-image-preview:large, max-video-preview:-1\" \/>\n<link rel=\"canonical\" href=\"https:\/\/carcans.wellness-sport-camping.com\/de\/camping\/\" \/>\n<meta property=\"og:locale\" content=\"de_DE\" \/>\n<meta property=\"og:type\" content=\"article\" \/>\n<meta property=\"og:title\" content=\"Wellness Sport Camping UCPA La Dune Bleue in Carcans\" \/>\n<meta property=\"og:description\" content=\"Der zwischen See und Ozean gelegene Campingplatz La Dune Bleue in Carcans bietet Ihnen einen sportlichen Urlaub.\" \/>\n<meta property=\"og:url\" content=\"https:\/\/carcans.wellness-sport-camping.com\/de\/camping\/\" \/>\n<meta property=\"og:site_name\" content=\"Camping de La Dune Bleue\" \/>\n<meta property=\"article:modified_time\" content=\"2023-06-02T12:50:46+00:00\" \/>\n<meta property=\"og:image\" content=\"https:\/\/carcans.wellness-sport-camping.com\/wp-content\/uploads\/chez-nous-top-1.jpg\" \/>\n<meta name=\"twitter:card\" content=\"summary_large_image\" \/>\n<meta name=\"twitter:label1\" content=\"Gesch\u00e4tzte Lesezeit\" \/>\n\t<meta name=\"twitter:data1\" content=\"3\u00a0Minuten\" \/>\n<script type=\"application\/ld+json\" class=\"yoast-schema-graph\">{\"@context\":\"https:\/\/schema.org\",\"@graph\":[{\"@type\":\"WebPage\",\"@id\":\"https:\/\/carcans.wellness-sport-camping.com\/de\/camping\/\",\"url\":\"https:\/\/carcans.wellness-sport-camping.com\/de\/camping\/\",\"name\":\"Wellness Sport Camping UCPA La Dune Bleue in Carcans\",\"isPartOf\":{\"@id\":\"https:\/\/carcans.wellness-sport-camping.com\/de\/#website\"},\"primaryImageOfPage\":{\"@id\":\"https:\/\/carcans.wellness-sport-camping.com\/de\/camping\/#primaryimage\"},\"image\":{\"@id\":\"https:\/\/carcans.wellness-sport-camping.com\/de\/camping\/#primaryimage\"},\"thumbnailUrl\":\"https:\/\/carcans.wellness-sport-camping.com\/wp-content\/uploads\/chez-nous-top-1.jpg\",\"datePublished\":\"2023-03-03T10:18:29+00:00\",\"dateModified\":\"2023-06-02T12:50:46+00:00\",\"description\":\"Der zwischen See und Ozean gelegene Campingplatz La Dune Bleue in Carcans bietet Ihnen einen sportlichen Urlaub.\",\"breadcrumb\":{\"@id\":\"https:\/\/carcans.wellness-sport-camping.com\/de\/camping\/#breadcrumb\"},\"inLanguage\":\"de\",\"potentialAction\":[{\"@type\":\"ReadAction\",\"target\":[\"https:\/\/carcans.wellness-sport-camping.com\/de\/camping\/\"]}]},{\"@type\":\"ImageObject\",\"inLanguage\":\"de\",\"@id\":\"https:\/\/carcans.wellness-sport-camping.com\/de\/camping\/#primaryimage\",\"url\":\"https:\/\/carcans.wellness-sport-camping.com\/wp-content\/uploads\/chez-nous-top-1.jpg\",\"contentUrl\":\"https:\/\/carcans.wellness-sport-camping.com\/wp-content\/uploads\/chez-nous-top-1.jpg\"},{\"@type\":\"BreadcrumbList\",\"@id\":\"https:\/\/carcans.wellness-sport-camping.com\/de\/camping\/#breadcrumb\",\"itemListElement\":[{\"@type\":\"ListItem\",\"position\":1,\"name\":\"Startseite\",\"item\":\"https:\/\/carcans.wellness-sport-camping.com\/de\/\"},{\"@type\":\"ListItem\",\"position\":2,\"name\":\"Camping\"}]},{\"@type\":\"WebSite\",\"@id\":\"https:\/\/carcans.wellness-sport-camping.com\/de\/#website\",\"url\":\"https:\/\/carcans.wellness-sport-camping.com\/de\/\",\"name\":\"Camping de La Dune Bleue\",\"description\":\"L\u2019odeur de la for\u00eat, la douceur des pins, le chant des oiseaux\",\"publisher\":{\"@id\":\"https:\/\/carcans.wellness-sport-camping.com\/de\/#organization\"},\"potentialAction\":[{\"@type\":\"SearchAction\",\"target\":{\"@type\":\"EntryPoint\",\"urlTemplate\":\"https:\/\/carcans.wellness-sport-camping.com\/de\/?s={search_term_string}\"},\"query-input\":{\"@type\":\"PropertyValueSpecification\",\"valueRequired\":true,\"valueName\":\"search_term_string\"}}],\"inLanguage\":\"de\"},{\"@type\":\"Organization\",\"@id\":\"https:\/\/carcans.wellness-sport-camping.com\/de\/#organization\",\"name\":\"Camping de La Dune Bleue\",\"url\":\"https:\/\/carcans.wellness-sport-camping.com\/de\/\",\"logo\":{\"@type\":\"ImageObject\",\"inLanguage\":\"de\",\"@id\":\"https:\/\/carcans.wellness-sport-camping.com\/de\/#\/schema\/logo\/image\/\",\"url\":\"https:\/\/carcans.wellness-sport-camping.com\/wp-content\/uploads\/logo-penne-blanche.png\",\"contentUrl\":\"https:\/\/carcans.wellness-sport-camping.com\/wp-content\/uploads\/logo-penne-blanche.png\",\"width\":260,\"height\":137,\"caption\":\"Camping de La Dune Bleue\"},\"image\":{\"@id\":\"https:\/\/carcans.wellness-sport-camping.com\/de\/#\/schema\/logo\/image\/\"}}]}<\/script>\n<!-- \/ Yoast SEO plugin. -->","yoast_head_json":{"title":"Wellness Sport Camping UCPA La Dune Bleue in Carcans","description":"Der zwischen See und Ozean gelegene Campingplatz La Dune Bleue in Carcans bietet Ihnen einen sportlichen Urlaub.","robots":{"index":"index","follow":"follow","max-snippet":"max-snippet:-1","max-image-preview":"max-image-preview:large","max-video-preview":"max-video-preview:-1"},"canonical":"https:\/\/carcans.wellness-sport-camping.com\/de\/camping\/","og_locale":"de_DE","og_type":"article","og_title":"Wellness Sport Camping UCPA La Dune Bleue in Carcans","og_description":"Der zwischen See und Ozean gelegene Campingplatz La Dune Bleue in Carcans bietet Ihnen einen sportlichen Urlaub.","og_url":"https:\/\/carcans.wellness-sport-camping.com\/de\/camping\/","og_site_name":"Camping de La Dune Bleue","article_modified_time":"2023-06-02T12:50:46+00:00","og_image":[{"url":"https:\/\/carcans.wellness-sport-camping.com\/wp-content\/uploads\/chez-nous-top-1.jpg","type":"","width":"","height":""}],"twitter_card":"summary_large_image","twitter_misc":{"Gesch\u00e4tzte Lesezeit":"3\u00a0Minuten"},"schema":{"@context":"https:\/\/schema.org","@graph":[{"@type":"WebPage","@id":"https:\/\/carcans.wellness-sport-camping.com\/de\/camping\/","url":"https:\/\/carcans.wellness-sport-camping.com\/de\/camping\/","name":"Wellness Sport Camping UCPA La Dune Bleue in Carcans","isPartOf":{"@id":"https:\/\/carcans.wellness-sport-camping.com\/de\/#website"},"primaryImageOfPage":{"@id":"https:\/\/carcans.wellness-sport-camping.com\/de\/camping\/#primaryimage"},"image":{"@id":"https:\/\/carcans.wellness-sport-camping.com\/de\/camping\/#primaryimage"},"thumbnailUrl":"https:\/\/carcans.wellness-sport-camping.com\/wp-content\/uploads\/chez-nous-top-1.jpg","datePublished":"2023-03-03T10:18:29+00:00","dateModified":"2023-06-02T12:50:46+00:00","description":"Der zwischen See und Ozean gelegene Campingplatz La Dune Bleue in Carcans bietet Ihnen einen sportlichen Urlaub.","breadcrumb":{"@id":"https:\/\/carcans.wellness-sport-camping.com\/de\/camping\/#breadcrumb"},"inLanguage":"de","potentialAction":[{"@type":"ReadAction","target":["https:\/\/carcans.wellness-sport-camping.com\/de\/camping\/"]}]},{"@type":"ImageObject","inLanguage":"de","@id":"https:\/\/carcans.wellness-sport-camping.com\/de\/camping\/#primaryimage","url":"https:\/\/carcans.wellness-sport-camping.com\/wp-content\/uploads\/chez-nous-top-1.jpg","contentUrl":"https:\/\/carcans.wellness-sport-camping.com\/wp-content\/uploads\/chez-nous-top-1.jpg"},{"@type":"BreadcrumbList","@id":"https:\/\/carcans.wellness-sport-camping.com\/de\/camping\/#breadcrumb","itemListElement":[{"@type":"ListItem","position":1,"name":"Startseite","item":"https:\/\/carcans.wellness-sport-camping.com\/de\/"},{"@type":"ListItem","position":2,"name":"Camping"}]},{"@type":"WebSite","@id":"https:\/\/carcans.wellness-sport-camping.com\/de\/#website","url":"https:\/\/carcans.wellness-sport-camping.com\/de\/","name":"Camping de La Dune Bleue","description":"L\u2019odeur de la for\u00eat, la douceur des pins, le chant des oiseaux","publisher":{"@id":"https:\/\/carcans.wellness-sport-camping.com\/de\/#organization"},"potentialAction":[{"@type":"SearchAction","target":{"@type":"EntryPoint","urlTemplate":"https:\/\/carcans.wellness-sport-camping.com\/de\/?s={search_term_string}"},"query-input":{"@type":"PropertyValueSpecification","valueRequired":true,"valueName":"search_term_string"}}],"inLanguage":"de"},{"@type":"Organization","@id":"https:\/\/carcans.wellness-sport-camping.com\/de\/#organization","name":"Camping de La Dune Bleue","url":"https:\/\/carcans.wellness-sport-camping.com\/de\/","logo":{"@type":"ImageObject","inLanguage":"de","@id":"https:\/\/carcans.wellness-sport-camping.com\/de\/#\/schema\/logo\/image\/","url":"https:\/\/carcans.wellness-sport-camping.com\/wp-content\/uploads\/logo-penne-blanche.png","contentUrl":"https:\/\/carcans.wellness-sport-camping.com\/wp-content\/uploads\/logo-penne-blanche.png","width":260,"height":137,"caption":"Camping de La Dune Bleue"},"image":{"@id":"https:\/\/carcans.wellness-sport-camping.com\/de\/#\/schema\/logo\/image\/"}}]}},"_links":{"self":[{"href":"https:\/\/carcans.wellness-sport-camping.com\/de\/wp-json\/wp\/v2\/pages\/2534","targetHints":{"allow":["GET"]}}],"collection":[{"href":"https:\/\/carcans.wellness-sport-camping.com\/de\/wp-json\/wp\/v2\/pages"}],"about":[{"href":"https:\/\/carcans.wellness-sport-camping.com\/de\/wp-json\/wp\/v2\/types\/page"}],"author":[{"embeddable":true,"href":"https:\/\/carcans.wellness-sport-camping.com\/de\/wp-json\/wp\/v2\/users\/5"}],"replies":[{"embeddable":true,"href":"https:\/\/carcans.wellness-sport-camping.com\/de\/wp-json\/wp\/v2\/comments?post=2534"}],"version-history":[{"count":0,"href":"https:\/\/carcans.wellness-sport-camping.com\/de\/wp-json\/wp\/v2\/pages\/2534\/revisions"}],"wp:attachment":[{"href":"https:\/\/carcans.wellness-sport-camping.com\/de\/wp-json\/wp\/v2\/media?parent=2534"}],"curies":[{"name":"wp","href":"https:\/\/api.w.org\/{rel}","templated":true}]}}